{"id":27,"date":"2025-12-19T19:25:15","date_gmt":"2025-12-19T19:25:15","guid":{"rendered":"https:\/\/asso-apps.eu\/?page_id=27"},"modified":"2025-12-19T19:25:15","modified_gmt":"2025-12-19T19:25:15","slug":"tristan-marcel-accompagner-les-mineurs-non-accompagnes","status":"publish","type":"page","link":"https:\/\/asso-apps.eu\/en\/tristan-marcel-accompagner-les-mineurs-non-accompagnes\/","title":{"rendered":"Tristan Marcel : Accompagner les Mineurs Non Accompagn\u00e9s"},"content":{"rendered":"<figure class=\"wp-block-image size-large\"><img fetchpriority=\"high\" decoding=\"async\" width=\"1024\" height=\"1024\" src=\"https:\/\/asso-apps.eu\/wp-content\/uploads\/2025\/12\/Passion-poetique-en-forme-denfant-PS2-1-1024x1024.jpg\" alt=\"\" class=\"wp-image-28\" srcset=\"https:\/\/asso-apps.eu\/wp-content\/uploads\/2025\/12\/Passion-poetique-en-forme-denfant-PS2-1-1024x1024.jpg 1024w, https:\/\/asso-apps.eu\/wp-content\/uploads\/2025\/12\/Passion-poetique-en-forme-denfant-PS2-1-300x300.jpg 300w, https:\/\/asso-apps.eu\/wp-content\/uploads\/2025\/12\/Passion-poetique-en-forme-denfant-PS2-1-150x150.jpg 150w, https:\/\/asso-apps.eu\/wp-content\/uploads\/2025\/12\/Passion-poetique-en-forme-denfant-PS2-1-768x768.jpg 768w, https:\/\/asso-apps.eu\/wp-content\/uploads\/2025\/12\/Passion-poetique-en-forme-denfant-PS2-1-1536x1536.jpg 1536w, https:\/\/asso-apps.eu\/wp-content\/uploads\/2025\/12\/Passion-poetique-en-forme-denfant-PS2-1.jpg 1701w\" sizes=\"(max-width: 1024px) 100vw, 1024px\" \/><\/figure>\n\n\n\n<p id=\"viewer-1ufm450886\">L\u2019avantage d\u2019un acronyme, c\u2019est qu\u2019il permet d\u2019effacer le sujet derri\u00e8re le signifiant. Ainsi, le discours m\u00e9diatico-politique envisage le MNA, mineur non accompagn\u00e9, comme l\u2019insigne d\u00e9sincarn\u00e9 d\u2019une probl\u00e9matique soci\u00e9tale, voire un simple indicateur statistique \u00e0 minorer. En b\u00e2illonnant confortablement toute empathie pour ces jeunes \u00eatres humains marqu\u00e9s par des parcours migratoires effroyables, l\u2019acronyme d\u00e9subjectivant prot\u00e8ge le locuteur lui-m\u00eame de la port\u00e9e traumatog\u00e8ne de ces r\u00e9cits de vie.<\/p>\n\n\n\n<p id=\"viewer-jesvh110\">Cette d\u00e9subjectivation dans le langage s\u2019accompagne concr\u00e8tement d\u2019une injonction narrative tout aussi d\u00e9shumanisante. En effet, les logiques administratives imposent aux mineurs non accompagn\u00e9s une douloureuse \u00e9preuve :&nbsp;<em>se raconter, se d\u00e9voiler, exhiber ses blessures pour esp\u00e9rer obtenir une protection pourtant due<\/em>. Cette exigence, sous le regard suspicieux d\u2019institutions dubitatives, les confronte \u00e0 une menace permanente d\u2019\u00e9clatement narratif et \u00e0 une perte d\u2019identit\u00e9.<\/p>\n\n\n\n<p id=\"viewer-6xx5t114\">D\u00e8s lors, les outils APPS, qui soutiennent la restauration de l\u2019humain dans toute rencontre th\u00e9rapeutique, aident \u00e0 penser l\u2019accompagnement de ces adolescents. &nbsp;&nbsp;<\/p>\n\n\n\n<p id=\"viewer-ue9bx116\"><strong>Transfert social&nbsp;: une d\u00e9<\/strong><strong><em>peau<\/em><\/strong><strong>ssession du r\u00e9cit de soi<\/strong><\/p>\n\n\n\n<p id=\"viewer-xyrve120\">L\u2019injonction narrative impose aux migrants mineurs et isol\u00e9s un imp\u00e9ratif cruel : raconter une histoire dont la l\u00e9gitimit\u00e9 se mesure \u00e0 l\u2019aune de sa souffrance explicite et \u00e0 sa coh\u00e9rence avec les attentes institutionnelles. Comme le souligne No\u00e9mie Pat\u00e9, ces jeunes doivent exprimer leurs souffrances sans tomber dans la dramatisation, se pr\u00e9senter de mani\u00e8respontan\u00e9etout en livrant des r\u00e9cits objectivables, un exercice qui les expose \u00e0 un \u00ab&nbsp;<em>\u00e9clatement narratif<\/em>&nbsp;\u00bb profond (Pat\u00e9, 2022). Or cette mise en r\u00e9cit forc\u00e9e advient lors d\u2019une p\u00e9riode de grande fragilit\u00e9&nbsp;aux multiples facteurs&nbsp;: parcours migratoire jalonn\u00e9 de violences multiples, remaniement intense du v\u00e9cu pr\u00e9-migratoire, pr\u00e9carit\u00e9 de la situation actuelle, angoisses vis-\u00e0-vis d\u2019un avenir incertain, bouleversements induits par le processus adolescent\u2026<\/p>\n\n\n\n<p id=\"viewer-f20j7128\">Il n\u2019est donc pas rare que ces jeunes rencontrent la plus grande des difficult\u00e9s \u00e0 verbaliser ce qu\u2019ils vivent et ont v\u00e9cu et c\u2019est pourtant \u00e0 ce moment de leur parcours que leur est impos\u00e9e une performance du r\u00e9cit de soi. En outre, le dispositif administratif, qui&nbsp;<em>\u00ab&nbsp;conditionne l\u2019acc\u00e8s \u00e0 la protection par la mise \u00e0 l\u2019\u00e9preuve du corps et du r\u00e9cit biographique&nbsp;<\/em>\u00bb (Pat\u00e9, 2024) s\u2019inscrit dans un \u00ab&nbsp;<em>contexte o\u00f9 le soup\u00e7on pr\u00e9c\u00e8de l\u2019\u00e9coute<\/em>&nbsp;\u00bb (Pat\u00e9, 2022). Comment, d\u00e8s lors \u2013 quand \u00ab&nbsp;<em>les yeux seuls sont encore capables de pousser un cri&nbsp;<\/em>\u00bb, comme l\u2019\u00e9crit Ren\u00e9 Char (1962)&nbsp;\u2013 le jeune peut-il produire le r\u00e9cit de ce qui ne fait pas encore sens pour lui&nbsp;? Les logiques administratives le soumettent \u00e0 une douloureuse&nbsp;<em>pouss\u00e9e contraire<\/em>&nbsp;: performer son histoire et son identit\u00e9 selon les attentes sociales tout en restant authentique.<\/p>\n\n\n\n<p id=\"viewer-6r188136\">Cette m\u00e9canique perverse impose donc \u00e0 ces adolescents un&nbsp;<em>transfert social&nbsp;<\/em>d\u00e9l\u00e9t\u00e8re&nbsp;: ils doivent en effet produire un discours conformiste, souvent \u00e9loign\u00e9 de leur v\u00e9rit\u00e9 profonde, \u00e0 laquelle ils n\u2019ont pas toujours acc\u00e8s. L\u2019injonction narrative engendre une d\u00e9possession intime du r\u00e9cit de soi, qui vaut pour d\u00e9<em>peau<\/em>ssession, r\u00e9duisant l\u2019identit\u00e9 des \u00ab&nbsp;MNA&nbsp;\u00bb aux seules attentes et repr\u00e9sentations des \u00e9valuateurs. Les voil\u00e0 s\u2019ali\u00e9nant leur propre histoire afin de correspondre \u00e0 une image pr\u00e9fabriqu\u00e9e d\u2019enfant vuln\u00e9rable et cr\u00e9dible selon des crit\u00e8res flous et pr\u00e9con\u00e7us.<\/p>\n\n\n\n<p id=\"viewer-s28y11061\"><strong>Enjeux th\u00e9rapeutiques et boussoles APPS<\/strong><\/p>\n\n\n\n<p id=\"viewer-ifkke144\">Face \u00e0 cette violence institutionnelle, l\u2019accompagnement th\u00e9rapeutique se doit de proposer un espace exempt de l\u2019imp\u00e9ratif administratif, un \u00ab<em>&nbsp;espace-refuge<\/em>&nbsp;\u00bb o\u00f9 il sera question de restaurer et de prot\u00e9ger l\u2019identit\u00e9 narrative des mineurs non accompagn\u00e9s, dans une dynamique de co-cr\u00e9ation th\u00e9rapeutique&nbsp;: \u00ab&nbsp;<em>Tisser \u00e0 nouveau des relations s\u00e9curisantes avec des adultes permet \u00e0 ces sujets, qui ont vu leur rapport \u00e0 l\u2019autre boulevers\u00e9, par les violences qu\u2019ils ont subies ou dont ils ont \u00e9t\u00e9 t\u00e9moins, de retrouver une place d\u2019enfant et de parler d\u2019eux<\/em>&nbsp;\u00bb (Feldman, Lauer, 2022). Autrement dit, la rencontre clinique cherchera \u00e0 accompagner ces adolescents dans une&nbsp;<em>historicisation<\/em>&nbsp;(Aulagnier, 1989) ou ce que Georges Politzer appelait le travail du&nbsp;<em>drame<\/em>, qui les aidera \u00e0 redonner du sens \u00e0 leur histoire, r\u00e9int\u00e9grant les parties traumatis\u00e9es ou dissoci\u00e9es en un tout coh\u00e9rent et authentiquement leur.<\/p>\n\n\n\n<p id=\"viewer-c1bzl150\">Ce travail s\u2019accompagne d\u2019un rep\u00e9ragede \u00ab&nbsp;<em>la mise en anneaux des valeurs&nbsp;\u00bb,&nbsp;<\/em>pr\u00e9conis\u00e9 par le docteur Herv\u00e9 Hubert, qui rappelle justement que l\u2019identit\u00e9 se construit aussi \u00e0 partir du&nbsp;<em>transfert de valeurs&nbsp;:<\/em>&nbsp;ces valeurs \u2013 de mots, d\u2019images et de ressentis corporels \u2013 sont enlac\u00e9es les unes avec les autres dans un syst\u00e8me dont il s\u2019agit de pr\u00e9server l\u2019accord, la congruence et l\u2019\u00e9quilibre.<\/p>\n\n\n\n<p id=\"viewer-secmv158\">En outre, l\u2019\u00e9change authentique offre un \u00e9clairage nouveau, non seulement sur l\u2019histoire individuelle mais aussi sur la violence sociale et institutionnelle que subissent ces mineurs \u2013 et dans laquelle le psychologue est malgr\u00e9 tout intriqu\u00e9. Il s\u2019agit \u00e0 la fois de soutenir la mise en r\u00e9cit de leur histoire singuli\u00e8re et l\u2019inscription de leur parcours dans une dimension collective plus large, reflet de violences politiques et \u00e9conomiques contemporaines (Balibar, 2018).<\/p>\n\n\n\n<p id=\"viewer-kdrfg160\">A travers la rencontre d\u2019un&nbsp;<em>\u00ab&nbsp;tu \u00e0 qui parler&nbsp;\u00bb,&nbsp;<\/em>pour reprendre l\u2019expression de Paul Celan (1958), le jeune recouvre progressivement son&nbsp;<em>identit\u00e9 narrative<\/em>&nbsp;(Ric\u0153ur, 1991), essentielle \u00e0 la restauration de son sentiment de permanence. Quelle que soit l\u2019approche th\u00e9rapeutique, il s\u2019agit toujours d\u2019aider le patient \u00e0 se vivre sujet de sa vie.<\/p>\n\n\n\n<p id=\"viewer-txntp166\">&nbsp;<\/p>\n\n\n\n<p id=\"viewer-a2ack168\"><strong>L\u2019imp\u00e9ratif d\u2019une analyse des \u00e9prouv\u00e9s contre-transf\u00e9rentiels<\/strong><\/p>\n\n\n\n<p id=\"viewer-pvm6d170\">La rencontre avec les mineurs non accompagn\u00e9s r\u00e9active chez le clinicien des angoisses archa\u00efques d\u2019abandon, de s\u00e9paration voire d\u2019effondrement, marqu\u00e9es par une identification aux r\u00e9cits traumatiques et \u00e0 l\u2019errance du jeune patient. La clinique avec ces adolescents, souvent livr\u00e9s \u00e0 eux-m\u00eames dans des parcours jalonn\u00e9s de violences multiples, instaure une rencontre effroyable avec un&nbsp;<em>\u00ab&nbsp;r\u00e9el non transform\u00e9 qui fait effraction dans le psychisme et qui y demeure comme un corps \u00e9tranger&nbsp;\u00bb<\/em>&nbsp;(El Husseini, 2016). Face \u00e0 ces r\u00e9cits, le clinicien peut \u00e9prouver des sentiments d\u2019horreur, d\u2019impuissance ou de culpabilit\u00e9, voire de sid\u00e9ration, signes de la mise en \u0153uvre d\u2019un contre-transfert intense. Ces affects sont en outre impr\u00e9gn\u00e9s de la logique de l\u2019urgence, du soup\u00e7on et de repr\u00e9sentations culturelles complexes, r\u00e9v\u00e9lant ainsi la n\u00e9cessit\u00e9 d\u2019une vigilance r\u00e9flexive accrue. En effet, dans&nbsp;<em>l\u2019insu du faire&nbsp;<\/em>du th\u00e9rapeute, ces \u00e9prouv\u00e9s risquent d\u2019entraver la mise en place du lien th\u00e9rapeutique, \u00e9troitement articul\u00e9 avec une d\u00e9fense face \u00e0 un r\u00e9el traumatog\u00e8ne que l\u2019on pr\u00e9f\u00e8re ne pas voir.<\/p>\n\n\n\n<p id=\"viewer-u3hh8176\">Pour autant, ces ressentis contre-transf\u00e9rentiels ne doivent \u00eatre ni chass\u00e9s ni d\u00e9ni\u00e9s. Au contraire, leur analyse offre une voie privil\u00e9gi\u00e9e pour appr\u00e9hender le trauma migratoire. Par un travail introspectif, le clinicien peut d\u00e9celer comment ses propres r\u00e9actions \u00e9motionnelles renseignent sur le v\u00e9cu profond de ces adolescents qui n\u2019ont pas toujours acc\u00e8s \u00e0 la verbalisation.<\/p>\n\n\n\n<p id=\"viewer-c3jdh178\">Comme dans toute clinique et quelle que soit son orientation, le th\u00e9rapeute doit donc s\u2019observer autant qu\u2019il observe, afin d\u2019\u00e9viter l\u2019\u00e9cueil de la&nbsp;<em>\u00ab&nbsp;rh\u00e9torique du parasitisme&nbsp;\u00bb<\/em>&nbsp;(Pat\u00e9, 2024) et restaurer une dynamique avant tout humaine o\u00f9 empathie et authenticit\u00e9 cohabitent sans clivage ni projection d\u00e9l\u00e9t\u00e8re. C\u2019est \u00e0 cette condition qu\u2019il pourra offrir un espace s\u00e9curis\u00e9, respectueux du silence et des r\u00e9sistances de ces adolescents, suivant une temporalit\u00e9 psychique propre \u00e0 chacun.<\/p>\n\n\n\n<p id=\"viewer-2zv4d182\">&nbsp;<\/p>\n\n\n\n<p id=\"viewer-vyckh184\">&nbsp;<\/p>\n\n\n\n<p id=\"viewer-tyijo186\">En guise de conclusion, rappelons l\u2019\u00e9tymologie du verbe&nbsp;<em>accompagner&nbsp;<\/em>: se tourner vers&nbsp;(<em>ad-<\/em>) celui avec qui (<em>cum<\/em>) je partage mon pain&nbsp;(<em>panis<\/em>). Le Mineur Non Accompagn\u00e9 est celui duquel le monde entier s\u2019est d\u00e9tourn\u00e9, celui avec qui le monde ne partage plus, celui \u00e0 qui toute compagnie est refus\u00e9e. L\u2019accompagnement de ces adolescents doit donc restaurer le mouvement&nbsp;<em>vers&nbsp;<\/em>et la dynamique&nbsp;<em>avec,&nbsp;<\/em>matrice de toute relation entre humains. Il s\u2019inscrit dans un travail de r\u00e9humanisation et de r\u00e9sistance aux effets nocifs du&nbsp;<em>transfert social.<\/em><\/p>\n\n\n\n<p id=\"viewer-iqyg311234\">L\u2019approche APPS, dans ce contexte, ne constitue pas seulement un soutien th\u00e9rapeutique, mais bien une n\u00e9cessit\u00e9 clinique pour permettre \u00e0 ces jeunes de se r\u00e9approprier pleinement leur histoire, de restaurer leur identit\u00e9 narrative, profond\u00e9ment mise \u00e0 mal par les exigences paradoxales d\u2019une soci\u00e9t\u00e9 \u00e0 la fois accueillante et suspicieuse.Plus largement, se dessine l\u2019enjeu collectif de la construction d\u2019une \u00e9thique de l\u2019hospitalit\u00e9 clinique \u2013 en se rappelant avec Mahmoud Darwich (2003) que&nbsp;<em>\u00ab nous sommes tous \u00e9trangers sur cette Terre \u00bb.<\/em><\/p>\n\n\n\n<p id=\"viewer-2m04b192\">&nbsp;<\/p>\n\n\n\n<p id=\"viewer-ywfjp194\"><strong>Tristan Marcel<\/strong><\/p>\n\n\n\n<p id=\"viewer-82br3196\">Professeur agr\u00e9g\u00e9 de Lettres Modernes<\/p>\n\n\n\n<p id=\"viewer-rdef9198\">Psychologue clinicien \u2013 psychoth\u00e9rapeute<\/p>\n\n\n\n<p id=\"viewer-o71jz5247\">&nbsp;<\/p>\n\n\n\n<p id=\"viewer-nqvgc202\"><strong>Bibliographie&nbsp;:<\/strong><\/p>\n\n\n\n<ul class=\"wp-block-list\">\n<li>Aulagnier, P. (1989).\u00a0Se construire un pass\u00e9.\u00a0<em>Journal de la psychanalyse de\u00a0l\u2019enfant<\/em>, 7(2), 191-220.<\/li>\n\n\n\n<li>Balibar, E. (2018). Pour un droit international de l\u2019hospitalit\u00e9.\u00a0<em>Le Monde<\/em>, 16 ao\u00fbt 2018.<\/li>\n\n\n\n<li>Celan, P. (1958). Allocution prononc\u00e9e lors de la r\u00e9ception du prix de litt\u00e9rature de la Ville libre hans\u00e9atique de Br\u00eame. Dans\u00a0<em>Le M\u00e9ridien &amp; autres proses<\/em>. Seuil (2002).<\/li>\n\n\n\n<li>Char, R. (1962).\u00a0<em>Fureur et myst\u00e8re<\/em>. Gallimard.<\/li>\n\n\n\n<li>Darwich, M. (2003).\u00a0<em>Comme des fleurs d\u2019amandier ou plus loin<\/em>\u00a0(Elias Sambar, trad.). Actes Sud.<\/li>\n\n\n\n<li>El Husseini, M. (2016).\u00a0<em>Exploration du contre-transfert dans la clinique du trauma\u00a0: une \u00e9tude qualitative.<\/em>\u00a0Universit\u00e9 Sorbonne Paris Cit\u00e9.<\/li>\n\n\n\n<li>Lauer, M. et Feldman, M. (2022). Quand le manque de protection des mineurs migrants redessine les contours de l\u2019accueil \u2013 \u00c9tude d\u2019un dispositif de familles accueillantes b\u00e9n\u00e9voles.<em>\u00a0Dialogue<\/em>, 236(2), 49-63.\u00a0<a href=\"https:\/\/doi.org\/10.3917\/dia.236.0049\" target=\"_blank\" rel=\"noreferrer noopener\">https:\/\/doi.org\/10.3917\/dia.236.0049<\/a>.<\/li>\n\n\n\n<li>Pat\u00e9, N. (2021). Les processus discriminatoires au c\u0153ur des pratiques d\u2019\u00e9valuation de la minorit\u00e9 et de l\u2019isolement des mineurs non accompagn\u00e9s.\u00a0<em>Hommes &amp; Migrations<\/em>, 1333(2), 39-46.\u00a0<a href=\"https:\/\/doi.org\/10.4000\/hommesmigrations.12563\" target=\"_blank\" rel=\"noreferrer noopener\"><u>https:\/\/doi.org\/10.4000\/hommesmigrations.12563<\/u><\/a>.<\/li>\n\n\n\n<li>Pat\u00e9, N. (2022). Les effets de l\u2019injonction narrative sur les mineurs non accompagn\u00e9s, entre r\u00e9sistances et d\u00e9pendances.\u00a0<em>Psychologie Clinique<\/em>, 53(1), 124-135.\u00a0<a href=\"https:\/\/doi.org\/10.1051\/psyc\/202253124\" target=\"_blank\" rel=\"noreferrer noopener\">https:\/\/doi.org\/10.1051\/psyc\/202253124<\/a>.<\/li>\n\n\n\n<li>Pat\u00e9, N. (2024). La mise \u00e0 l\u2019\u00e9preuve des r\u00e9cits des MNA comme condition \u00e0 l\u2019acc\u00e8s \u00e0 la protection.\u00a0<em>Colloque annuel<\/em>, Barreau de Marseille, F\u00e9vrier 2024, Marseille, France.<\/li>\n\n\n\n<li>Ricoeur, P. (1991).\u00a0L\u2019identit\u00e9 narrative.\u00a0<em>Revue des sciences humaines<\/em>, 95\/221, 35-47.<\/li>\n<\/ul>","protected":false},"excerpt":{"rendered":"<p>L\u2019avantage d\u2019un acronyme, c\u2019est qu\u2019il permet d\u2019effacer le sujet derri\u00e8re le signifiant. Ainsi, le discours m\u00e9diatico-politique envisage le MNA, mineur non accompagn\u00e9, comme l\u2019insigne d\u00e9sincarn\u00e9 d\u2019une probl\u00e9matique soci\u00e9tale, voire un [&hellip;]<\/p>","protected":false},"author":1,"featured_media":0,"parent":0,"menu_order":0,"comment_status":"closed","ping_status":"closed","template":"","meta":{"_bbp_topic_count":0,"_bbp_reply_count":0,"_bbp_total_topic_count":0,"_bbp_total_reply_count":0,"_bbp_voice_count":0,"_bbp_anonymous_reply_count":0,"_bbp_topic_count_hidden":0,"_bbp_reply_count_hidden":0,"_bbp_forum_subforum_count":0,"_mo_disable_npp":"","_EventAllDay":false,"_EventTimezone":"","_EventStartDate":"","_EventEndDate":"","_EventStartDateUTC":"","_EventEndDateUTC":"","_EventShowMap":false,"_EventShowMapLink":false,"_EventURL":"","_EventCost":"","_EventCostDescription":"","_EventCurrencySymbol":"","_EventCurrencyCode":"","_EventCurrencyPosition":"","_EventDateTimeSeparator":"","_EventTimeRangeSeparator":"","_EventOrganizerID":[],"_EventVenueID":[],"_OrganizerEmail":"","_OrganizerPhone":"","_OrganizerWebsite":"","_VenueAddress":"","_VenueCity":"","_VenueCountry":"","_VenueProvince":"","_VenueState":"","_VenueZip":"","_VenuePhone":"","_VenueURL":"","_VenueStateProvince":"","_VenueLat":"","_VenueLng":"","_VenueShowMap":false,"_VenueShowMapLink":false,"footnotes":""},"class_list":["post-27","page","type-page","status-publish","hentry"],"aioseo_notices":[],"_hostinger_reach_plugin_has_subscription_block":false,"_hostinger_reach_plugin_is_elementor":false,"_links":{"self":[{"href":"https:\/\/asso-apps.eu\/en\/wp-json\/wp\/v2\/pages\/27","targetHints":{"allow":["GET"]}}],"collection":[{"href":"https:\/\/asso-apps.eu\/en\/wp-json\/wp\/v2\/pages"}],"about":[{"href":"https:\/\/asso-apps.eu\/en\/wp-json\/wp\/v2\/types\/page"}],"author":[{"embeddable":true,"href":"https:\/\/asso-apps.eu\/en\/wp-json\/wp\/v2\/users\/1"}],"replies":[{"embeddable":true,"href":"https:\/\/asso-apps.eu\/en\/wp-json\/wp\/v2\/comments?post=27"}],"version-history":[{"count":1,"href":"https:\/\/asso-apps.eu\/en\/wp-json\/wp\/v2\/pages\/27\/revisions"}],"predecessor-version":[{"id":29,"href":"https:\/\/asso-apps.eu\/en\/wp-json\/wp\/v2\/pages\/27\/revisions\/29"}],"wp:attachment":[{"href":"https:\/\/asso-apps.eu\/en\/wp-json\/wp\/v2\/media?parent=27"}],"curies":[{"name":"wp","href":"https:\/\/api.w.org\/{rel}","templated":true}]}}