{"id":20,"date":"2025-12-19T19:14:56","date_gmt":"2025-12-19T19:14:56","guid":{"rendered":"https:\/\/asso-apps.eu\/le-materialisme-feministe-a-lepreuve-du-genre-et-de-la-transitude-repenser-loppression-en-termes-de-classes-sexuelles\/"},"modified":"2025-12-19T19:17:22","modified_gmt":"2025-12-19T19:17:22","slug":"le-materialisme-feministe-a-lepreuve-du-genre-et-de-la-transitude-repenser-loppression-en-termes-de-classes-sexuelles","status":"publish","type":"page","link":"https:\/\/asso-apps.eu\/en\/le-materialisme-feministe-a-lepreuve-du-genre-et-de-la-transitude-repenser-loppression-en-termes-de-classes-sexuelles\/","title":{"rendered":"Le mat\u00e9rialisme f\u00e9ministe \u00e0 l&rsquo;\u00e9preuve du genre et de la transitude : repenser l&rsquo;oppression en termes de classes sexuelles"},"content":{"rendered":"<figure class=\"wp-block-image size-large\"><img fetchpriority=\"high\" decoding=\"async\" width=\"1024\" height=\"1024\" src=\"https:\/\/asso-apps.eu\/wp-content\/uploads\/2025\/12\/Lethique-cest-lesthetique-de-dedans-PS21-4-2-1024x1024.jpg\" alt=\"\" class=\"wp-image-22\" srcset=\"https:\/\/asso-apps.eu\/wp-content\/uploads\/2025\/12\/Lethique-cest-lesthetique-de-dedans-PS21-4-2-1024x1024.jpg 1024w, https:\/\/asso-apps.eu\/wp-content\/uploads\/2025\/12\/Lethique-cest-lesthetique-de-dedans-PS21-4-2-300x300.jpg 300w, https:\/\/asso-apps.eu\/wp-content\/uploads\/2025\/12\/Lethique-cest-lesthetique-de-dedans-PS21-4-2-150x150.jpg 150w, https:\/\/asso-apps.eu\/wp-content\/uploads\/2025\/12\/Lethique-cest-lesthetique-de-dedans-PS21-4-2-768x768.jpg 768w, https:\/\/asso-apps.eu\/wp-content\/uploads\/2025\/12\/Lethique-cest-lesthetique-de-dedans-PS21-4-2-1536x1536.jpg 1536w, https:\/\/asso-apps.eu\/wp-content\/uploads\/2025\/12\/Lethique-cest-lesthetique-de-dedans-PS21-4-2-2048x2048.jpg 2048w\" sizes=\"(max-width: 1024px) 100vw, 1024px\" \/><\/figure>\n\n\n\n<p id=\"viewer-l6lb52962\">Le mat\u00e9rialisme f\u00e9ministe, h\u00e9ritier du marxisme, propose une lecture profond\u00e9ment politique de l\u2019oppression des femmes. Mais \u00e0 l\u2019heure o\u00f9 les luttes f\u00e9ministes croisent les revendications trans, queer et antiracistes, que reste-t-il de ce cadre th\u00e9orique ? Comment peut-il encore \u00e9clairer les nouvelles formes d\u2019exploitation li\u00e9es au genre ?<\/p>\n\n\n\n<p id=\"viewer-qpccx432\">Le f\u00e9minisme mat\u00e9rialiste : une th\u00e9orie des classes sexuelles<\/p>\n\n\n\n<p id=\"viewer-1s82s434\">N\u00e9 dans le sillage du marxisme, le f\u00e9minisme mat\u00e9rialiste, notamment port\u00e9 par Christine Delphy ou Colette Guillaumin dans les ann\u00e9es 70, consid\u00e8re que l\u2019oppression des femmes repose sur une base mat\u00e9rielle : leur place sp\u00e9cifique dans les rapports \u00e9conomiques, notamment via le travail domestique gratuit, leur mise en d\u00e9pendance \u00e9conomique, et leur assignation \u00e0 la reproduction. Le patriarcat n\u2019est pas un simple syst\u00e8me culturel, mais un mode de production sp\u00e9cifique, parall\u00e8le et articul\u00e9 au capitalisme. Il engendre une division de classes entre les hommes (classe dominante) et les femmes (classe exploit\u00e9e).<\/p>\n\n\n\n<p id=\"viewer-8y8b4437\">Le sexe comme fait social, pas naturel<\/p>\n\n\n\n<p id=\"viewer-tby8u439\">Le mat\u00e9rialisme f\u00e9ministe repose sur une th\u00e8se antinaturaliste : ce que nous appelons \u00ab\u00a0sexe\u00a0\u00bb est d\u00e9j\u00e0 travers\u00e9 de repr\u00e9sentations sociales. Le genre pr\u00e9c\u00e8de le sexe, qui est lui-m\u00eame une construction id\u00e9ologique. Loin d\u2019\u00eatre une donn\u00e9e biologique neutre, le sexe est un produit d\u2019un syst\u00e8me de hi\u00e9rarchisation&nbsp;des corps. Les cat\u00e9gories \u00ab\u00a0homme\u00a0\u00bb et \u00ab\u00a0femme\u00a0\u00bb ne sont donc pas naturelles, mais bien des classes sociales, dont l\u2019appartenance d\u00e9termine des positions d\u2019exploitation ou de domination.<\/p>\n\n\n\n<p id=\"viewer-4a2fr442\">Transfeminisme mat\u00e9rialiste&nbsp;:&nbsp;vers une critique renouvel\u00e9e du genre<\/p>\n\n\n\n<p id=\"viewer-q8640444\">Les mouvements trans ont contribu\u00e9 \u00e0 r\u00e9interroger le f\u00e9minisme mat\u00e9rialiste, parfois dans la tension. Des th\u00e9oricien\u00b7nes trans mat\u00e9rialistes&nbsp;proposent une relecture radicale : la transidentit\u00e9 n\u2019est pas un ph\u00e9nom\u00e8ne psychologique individuel, mais une exp\u00e9rience&nbsp;sociale&nbsp;structur\u00e9e&nbsp;par l\u2019exploitation, la pr\u00e9carit\u00e9, et les violences syst\u00e9miques. Le sexe est alors pens\u00e9 comme appartenance de classe, et la transidentit\u00e9 comme un transfuge social : changer de sexe, c\u2019est aussi changer de place dans la hi\u00e9rarchie patriarcale. Cette mobilit\u00e9 est asym\u00e9trique : la \u00ab\u00a0f\u00e9minisation\u00a0\u00bb d\u2019un homme est davantage sanctionn\u00e9e que la \u00ab\u00a0masculinisation\u00a0\u00bb d\u2019une femme, r\u00e9v\u00e9lant les rapports de pouvoir sous-jacents.<\/p>\n\n\n\n<p id=\"viewer-3rf59450\">Obstacles \u00e0 la reconnaissance des personnes trans dans les f\u00e9minismes<\/p>\n\n\n\n<p id=\"viewer-j0pwi452\">Le f\u00e9minisme queer a parfois d\u00e9plac\u00e9 la focale vers le langage et les identit\u00e9s individuelles, au d\u00e9triment des rapports sociaux concrets. Parall\u00e8lement, un certain f\u00e9minisme cisgenre (notamment les TERF) rejette la l\u00e9gitimit\u00e9 des femmes trans, au nom d\u2019une \u00ab\u00a0socialisation f\u00e9minine\u00a0\u00bb essentialis\u00e9e. Ces discours entretiennent un climat de m\u00e9fiance, d\u2019exclusion, voire de paternalisme envers les femmes trans, souvent sollicit\u00e9es non pas comme femmes, mais \u00ab\u00a0en tant que trans\u00a0\u00bb.<\/p>\n\n\n\n<p id=\"viewer-8bqsc455\">In\u00e9galit\u00e9s et violences : les r\u00e9alit\u00e9s mat\u00e9rielles des trajectoires trans<\/p>\n\n\n\n<p id=\"viewer-noank457\">Les trajectoires trans sont travers\u00e9es par des in\u00e9galit\u00e9s sociales profondes, structur\u00e9es par le sexe, l\u2019\u00e2ge, la race, et la classe. Les personnes trans racis\u00e9es cumulent les oppressions : difficult\u00e9s d\u2019acc\u00e8s \u00e0 la sant\u00e9, au logement, \u00e0 l\u2019emploi, aux droits civiques\u2026 L\u2019absence de reconnaissance institutionnelle pousse \u00e0 la pr\u00e9carit\u00e9, l\u2019\u00e9conomie souterraine, voire \u00e0 la prostitution.&nbsp;La m\u00e9dicalisation&nbsp;du parcours trans renforce encore cette violence structurelle :&nbsp;les m\u00e9decins imposent des st\u00e9r\u00e9otypes de genre pour valider les transitions, notamment par le test de \u00ab&nbsp;vie&nbsp;r\u00e9elle&nbsp;\u00bb&nbsp;excluant ceux et celles qui ne se conforment pas aux normes attendues.<\/p>\n\n\n\n<p id=\"viewer-l9ybx460\">Politiser les v\u00e9cus, refuser l\u2019essentialisation<\/p>\n\n\n\n<p id=\"viewer-a70y6462\">Les exp\u00e9riences trans racis\u00e9es ne doivent plus \u00eatre consid\u00e9r\u00e9es comme des objets d\u2019\u00e9tude, mais comme des sujets politiques. Elles doivent pouvoir parler pour elles-m\u00eames, hors des cat\u00e9gories occidentales, m\u00e9dicales ou acad\u00e9miques. L\u2019autod\u00e9termination passe par le refus de l\u2019universalisation du mod\u00e8le \u00ab\u00a0trans occidental\u00a0\u00bb et par la reconnaissance de la pluralit\u00e9 des syst\u00e8mes de genre, ancr\u00e9s dans cultures non occidentales, en t\u00e9moignent les&nbsp;hijras, two-spirits, kathoey entre autres, souvent r\u00e9duits \u00e0 des curiosit\u00e9s&nbsp;exotiques.<\/p>\n\n\n\n<p id=\"viewer-gmld6465\">R\u00e9sister dans les marges : entre solidarit\u00e9 politique et autod\u00e9fense<\/p>\n\n\n\n<p id=\"viewer-gv8qm467\">L\u00e0 o\u00f9 les discours&nbsp;th\u00e9oriques&nbsp;peinent \u00e0 construire des ponts, des pratiques concr\u00e8tes comme l\u2019autod\u00e9fense&nbsp;f\u00e9ministe&nbsp;permettent de cr\u00e9er des espaces de solidarit\u00e9 inter-f\u00e9minine, incluant toutes les femmes, cis et trans. La reconnaissance des violences v\u00e9cues par les femmes trans, notamment dans le couple, la famille ou par les institutions, reste marginale, pourtant elles r\u00e9v\u00e8lent avec acuit\u00e9 les violences fond\u00e9es sur le genre dans toute leur brutalit\u00e9.<\/p>\n\n\n\n<p id=\"viewer-lt9dl470\">Vers&nbsp;un f\u00e9minisme&nbsp;mat\u00e9rialiste renouvel\u00e9 et inclusif<\/p>\n\n\n\n<p id=\"viewer-3hrwn472\">Le f\u00e9minisme mat\u00e9rialiste a pos\u00e9 des bases fondamentales pour penser l\u2019oppression des femmes en termes de rapport mat\u00e9riel et de classe sexuelle. Mais son avenir se joue dans sa capacit\u00e9 \u00e0 int\u00e9grer les exp\u00e9riences trans et racis\u00e9es sans les r\u00e9duire ni&nbsp;les subsumer. La lutte f\u00e9ministe ne peut \u00eatre qu\u2019intersectionnelle, antiraciste, anticapitaliste et transinclusive. Sans cela, elle se condamne \u00e0 reproduire ce qu\u2019elle pr\u00e9tend abolir.<\/p>\n\n\n\n<p id=\"viewer-u92ct475\">Alison PARDIEU<\/p>","protected":false},"excerpt":{"rendered":"<p>Le mat\u00e9rialisme f\u00e9ministe, h\u00e9ritier du marxisme, propose une lecture profond\u00e9ment politique de l\u2019oppression des femmes. Mais \u00e0 l\u2019heure o\u00f9 les luttes f\u00e9ministes croisent les revendications trans, queer et antiracistes, que [&hellip;]<\/p>","protected":false},"author":1,"featured_media":0,"parent":0,"menu_order":0,"comment_status":"closed","ping_status":"closed","template":"","meta":{"_bbp_topic_count":0,"_bbp_reply_count":0,"_bbp_total_topic_count":0,"_bbp_total_reply_count":0,"_bbp_voice_count":0,"_bbp_anonymous_reply_count":0,"_bbp_topic_count_hidden":0,"_bbp_reply_count_hidden":0,"_bbp_forum_subforum_count":0,"_mo_disable_npp":"","_EventAllDay":false,"_EventTimezone":"","_EventStartDate":"","_EventEndDate":"","_EventStartDateUTC":"","_EventEndDateUTC":"","_EventShowMap":false,"_EventShowMapLink":false,"_EventURL":"","_EventCost":"","_EventCostDescription":"","_EventCurrencySymbol":"","_EventCurrencyCode":"","_EventCurrencyPosition":"","_EventDateTimeSeparator":"","_EventTimeRangeSeparator":"","_EventOrganizerID":[],"_EventVenueID":[],"_OrganizerEmail":"","_OrganizerPhone":"","_OrganizerWebsite":"","_VenueAddress":"","_VenueCity":"","_VenueCountry":"","_VenueProvince":"","_VenueState":"","_VenueZip":"","_VenuePhone":"","_VenueURL":"","_VenueStateProvince":"","_VenueLat":"","_VenueLng":"","_VenueShowMap":false,"_VenueShowMapLink":false,"footnotes":""},"class_list":["post-20","page","type-page","status-publish","hentry"],"aioseo_notices":[],"_hostinger_reach_plugin_has_subscription_block":false,"_hostinger_reach_plugin_is_elementor":false,"_links":{"self":[{"href":"https:\/\/asso-apps.eu\/en\/wp-json\/wp\/v2\/pages\/20","targetHints":{"allow":["GET"]}}],"collection":[{"href":"https:\/\/asso-apps.eu\/en\/wp-json\/wp\/v2\/pages"}],"about":[{"href":"https:\/\/asso-apps.eu\/en\/wp-json\/wp\/v2\/types\/page"}],"author":[{"embeddable":true,"href":"https:\/\/asso-apps.eu\/en\/wp-json\/wp\/v2\/users\/1"}],"replies":[{"embeddable":true,"href":"https:\/\/asso-apps.eu\/en\/wp-json\/wp\/v2\/comments?post=20"}],"version-history":[{"count":1,"href":"https:\/\/asso-apps.eu\/en\/wp-json\/wp\/v2\/pages\/20\/revisions"}],"predecessor-version":[{"id":23,"href":"https:\/\/asso-apps.eu\/en\/wp-json\/wp\/v2\/pages\/20\/revisions\/23"}],"wp:attachment":[{"href":"https:\/\/asso-apps.eu\/en\/wp-json\/wp\/v2\/media?parent=20"}],"curies":[{"name":"wp","href":"https:\/\/api.w.org\/{rel}","templated":true}]}}